{"id":89,"date":"2013-12-17T15:00:43","date_gmt":"2013-12-17T13:00:43","guid":{"rendered":"http:\/\/ralpheirich.de\/?page_id=89"},"modified":"2015-03-07T12:20:19","modified_gmt":"2015-03-07T11:20:19","slug":"mandarinen-sahne-kuchen","status":"publish","type":"page","link":"https:\/\/ralpheirich.de\/?page_id=89","title":{"rendered":"Mandarinen-Sahne-Kuchen"},"content":{"rendered":"<p>Grundlage ist ein\u00a0 Biskuit-Tortenboden<\/p>\n<p>2 Dosen Mandarinen<br \/>\n2 Becher Sahne<br \/>\n2 P\u00e4ckchen Sahnesteif<br \/>\n2 P\u00e4ckchen Paradiescreme Vanille<\/p>\n<p>Alles in eine Sch\u00fcssel mit Decke f\u00fcllen, kr\u00e4ftig sch\u00fctteln dann auf dem Biskuitboden verteilen und kalt stellen.<\/p>\n<p>Fertig &#8211; Kein Backen mehr!<\/p>\n<p>&nbsp;<\/p>\n","protected":false},"excerpt":{"rendered":"<p>Grundlage ist ein\u00a0 Biskuit-Tortenboden 2 Dosen Mandarinen 2 Becher Sahne 2 P\u00e4ckchen Sahnesteif 2 P\u00e4ckchen Paradiescreme Vanille Alles in eine Sch\u00fcssel mit Decke f\u00fcllen, kr\u00e4ftig sch\u00fctteln dann auf dem Biskuitboden verteilen und kalt stellen. Fertig &#8211; Kein Backen mehr! &nbsp;<\/p>\n","protected":false},"author":1,"featured_media":0,"parent":72,"menu_order":0,"comment_status":"open","ping_status":"open","template":"","meta":{"footnotes":""},"class_list":["post-89","page","type-page","status-publish","hentry"],"blocksy_meta":{"styles_descriptor":{"styles":{"desktop":"","tablet":"","mobile":""},"google_fonts":[],"version":6}},"_links":{"self":[{"href":"https:\/\/ralpheirich.de\/index.php?rest_route=\/wp\/v2\/pages\/89","targetHints":{"allow":["GET"]}}],"collection":[{"href":"https:\/\/ralpheirich.de\/index.php?rest_route=\/wp\/v2\/pages"}],"about":[{"href":"https:\/\/ralpheirich.de\/index.php?rest_route=\/wp\/v2\/types\/page"}],"author":[{"embeddable":true,"href":"https:\/\/ralpheirich.de\/index.php?rest_route=\/wp\/v2\/users\/1"}],"replies":[{"embeddable":true,"href":"https:\/\/ralpheirich.de\/index.php?rest_route=%2Fwp%2Fv2%2Fcomments&post=89"}],"version-history":[{"count":0,"href":"https:\/\/ralpheirich.de\/index.php?rest_route=\/wp\/v2\/pages\/89\/revisions"}],"up":[{"embeddable":true,"href":"https:\/\/ralpheirich.de\/index.php?rest_route=\/wp\/v2\/pages\/72"}],"wp:attachment":[{"href":"https:\/\/ralpheirich.de\/index.php?rest_route=%2Fwp%2Fv2%2Fmedia&parent=89"}],"curies":[{"name":"wp","href":"https:\/\/api.w.org\/{rel}","templated":true}]}}