{"id":32,"date":"2013-08-26T21:49:11","date_gmt":"2013-08-26T19:49:11","guid":{"rendered":"http:\/\/ralpheirich.de\/?page_id=32"},"modified":"2023-02-15T15:20:58","modified_gmt":"2023-02-15T14:20:58","slug":"home-2","status":"publish","type":"page","link":"https:\/\/ralpheirich.de\/","title":{"rendered":"Start"},"content":{"rendered":"<div class=\"art-content-layout\">\n<div class=\"art-content-layout-row\">\n<div class=\"art-layout-cell layout-item-0\" style=\"width: 100%;\">\n<div class=\"image-caption-wrapper\" style=\"width: 55%; float: left;\"><img decoding=\"async\" class=\"art-lightbox\" style=\"width: 100%; max-width: 420px;\" alt=\"an image\" src=\"http:\/\/www.wuerzburgwebcam.de\/live\/wuecam1\/current.jpg\" \/><\/div>\n<p>Blick von W\u00fcrzburg-Heidingsfeld Main abw\u00e4rts in Richtung Norden. Links des Mains ist die Festung Marienberg zu erkennen, das Wahrzeichen der Stadt W\u00fcrzburg.<br \/>\nW\u00fcrzburg ist eine Stadt mit vielen Sehensw\u00fcrdigkeiten: Festung Marienberg, Residenz, Hofgarten der Residenz, Alte Mainbr\u00fccke und viele mehr laden zum Bummeln und Entdecken ein.<\/p>\n<p>Mehr Informationen zu W\u00fcrzburg gibt es hier auf <a title=\"www.wuerzburg.de\" href=\"http:\/\/www.wuerzburg.de\">www.wuerzburg.de<\/a><\/p>\n<\/div>\n<\/div>\n<\/div>\n<div class=\"art-content-layout\">\n<div class=\"art-content-layout-row\">\n<div class=\"art-layout-cell layout-item-0\" style=\"width: 50%;\">\n<ul>\n<li><\/li>\n<li><\/li>\n<li><\/li>\n<\/ul>\n<\/div>\n<\/div>\n<\/div>\n<div class=\"art-layout-cell layout-item-0\" style=\"width: 50%;\">\n<blockquote style=\"margin: 10px 0; border: thin solid blue;\"><p><script type=\"text\/javascript\" src=\"http:\/\/www.sprechgeraet.de\/sprechgeraet.js\">\n<\/script><!--Nunc a sollicitudin est. Curabitur ullamcorper gravida felis, sit amet scelerisque lorem iaculis sed. Donec vel neque in neque porta venenatis sed sit amet lectus. -->\n<\/p><\/blockquote>\n<\/div>\n<p><\/br><\/p>\n<p><iframe src=\"https:\/\/www.meteoblue.com\/de\/wetter\/widget\/daily?geoloc=detect&#038;days=4&#038;tempunit=CELSIUS&#038;windunit=KILOMETER_PER_HOUR&#038;coloured=coloured&#038;pictoicon=1&#038;maxtemperature=1&#038;mintemperature=1&#038;windspeed=1&#038;winddirection=1&#038;precipitation=1&#038;precipitationprobability=1&#038;spot=1&#038;layout=light\"  frameborder=\"0\" scrolling=\"NO\" allowtransparency=\"true\" style=\"width: 216px;height: 366px\"><br \/>\n<\/iframe><\/p>\n<div>\n<!-- DO NOT REMOVE THIS LINK --><a href=\"https:\/\/www.meteoblue.com\/de\/wetter\/vorhersage\/woche?utm_source=weather_widget&#038;utm_medium=linkus&#038;utm_content=daily&#038;utm_campaign=Weather%2BWidget\" target=\"_blank\" rel=\"noopener\">meteoblue<\/a>\n<\/div>\n","protected":false},"excerpt":{"rendered":"<p>Blick von W\u00fcrzburg-Heidingsfeld Main abw\u00e4rts in Richtung Norden. Links des Mains ist die Festung Marienberg zu erkennen, das Wahrzeichen der Stadt W\u00fcrzburg. W\u00fcrzburg ist eine Stadt mit vielen Sehensw\u00fcrdigkeiten: Festung Marienberg, Residenz, Hofgarten der Residenz, Alte Mainbr\u00fccke und viele mehr laden zum Bummeln und Entdecken ein. Mehr Informationen zu W\u00fcrzburg gibt es hier auf www.wuerzburg.de [&hellip;]<\/p>\n","protected":false},"author":1,"featured_media":364,"parent":0,"menu_order":1,"comment_status":"closed","ping_status":"open","template":"","meta":{"footnotes":""},"class_list":["post-32","page","type-page","status-publish","has-post-thumbnail","hentry"],"blocksy_meta":{"styles_descriptor":{"styles":{"desktop":"","tablet":"","mobile":""},"google_fonts":[],"version":6}},"_links":{"self":[{"href":"https:\/\/ralpheirich.de\/index.php?rest_route=\/wp\/v2\/pages\/32","targetHints":{"allow":["GET"]}}],"collection":[{"href":"https:\/\/ralpheirich.de\/index.php?rest_route=\/wp\/v2\/pages"}],"about":[{"href":"https:\/\/ralpheirich.de\/index.php?rest_route=\/wp\/v2\/types\/page"}],"author":[{"embeddable":true,"href":"https:\/\/ralpheirich.de\/index.php?rest_route=\/wp\/v2\/users\/1"}],"replies":[{"embeddable":true,"href":"https:\/\/ralpheirich.de\/index.php?rest_route=%2Fwp%2Fv2%2Fcomments&post=32"}],"version-history":[{"count":1,"href":"https:\/\/ralpheirich.de\/index.php?rest_route=\/wp\/v2\/pages\/32\/revisions"}],"predecessor-version":[{"id":365,"href":"https:\/\/ralpheirich.de\/index.php?rest_route=\/wp\/v2\/pages\/32\/revisions\/365"}],"wp:featuredmedia":[{"embeddable":true,"href":"https:\/\/ralpheirich.de\/index.php?rest_route=\/wp\/v2\/media\/364"}],"wp:attachment":[{"href":"https:\/\/ralpheirich.de\/index.php?rest_route=%2Fwp%2Fv2%2Fmedia&parent=32"}],"curies":[{"name":"wp","href":"https:\/\/api.w.org\/{rel}","templated":true}]}}