{"id":152,"date":"2015-01-28T19:54:04","date_gmt":"2015-01-28T18:54:04","guid":{"rendered":"http:\/\/ralpheirich.de\/?page_id=152"},"modified":"2021-09-05T21:02:20","modified_gmt":"2021-09-05T19:02:20","slug":"impressum-2","status":"publish","type":"page","link":"https:\/\/ralpheirich.de\/?page_id=152","title":{"rendered":"Impressum (Anbieterkennzeichnung)"},"content":{"rendered":"\n<div class=\"impressum\">\n<p>Angaben gem\u00e4\u00df \u00a7 5 TMG<\/p>\n<p>Ralph Eirich<br>Am Trog 26<br>97076 W\u00fcrzburg<\/p>\n<p><strong>Vertreten durch:<\/strong><br>Ralph Eirich<\/p>\n<p><strong>Kontakt:<\/strong><br>Telefon: 0931-xxxxx<br>E-Mail: <a href=\"mailto:info%28at%29ralpheirich.de\">info(at)ralpheirich.de<\/a><\/p>\n<p><strong>Umsatzsteuer-ID: <\/strong>DE229457941<br>Umsatzsteuer-Identifikationsnummer gem\u00e4\u00df \u00a727a Umsatzsteuergesetz:<\/p>\n<p><strong>Wirtschafts-ID:<\/strong><\/p>\n<p><strong>Haftungsausschluss:<\/strong><\/p>\n<p><strong>Haftung f\u00fcr Inhalte<\/strong><\/p>\n<p>Die Inhalte unserer Seiten wurden mit gr\u00f6\u00dfter Sorgfalt erstellt. F\u00fcr die<br>Richtigkeit, Vollst\u00e4ndigkeit und Aktualit\u00e4t der Inhalte k\u00f6nnen wir<br>jedoch keine Gew\u00e4hr \u00fcbernehmen. Als Diensteanbieter sind wir gem\u00e4\u00df \u00a7 7<br>Abs.1 TMG f\u00fcr eigene Inhalte auf diesen Seiten nach den allgemeinen<br>Gesetzen verantwortlich. Nach \u00a7\u00a7 8 bis 10 TMG sind wir als<br>Diensteanbieter jedoch nicht verpflichtet, \u00fcbermittelte oder<br>gespeicherte fremde Informationen zu \u00fcberwachen oder nach Umst\u00e4nden zu<br>forschen, die auf eine rechtswidrige T\u00e4tigkeit hinweisen.<br>Verpflichtungen zur Entfernung oder Sperrung der Nutzung von<br>Informationen nach den allgemeinen Gesetzen bleiben hiervon unber\u00fchrt.<br>Eine diesbez\u00fcgliche Haftung ist jedoch erst ab dem Zeitpunkt der<br>Kenntnis einer konkreten Rechtsverletzung m\u00f6glich. Bei Bekanntwerden von<br>entsprechenden Rechtsverletzungen werden wir diese Inhalte umgehend<br>entfernen.<\/p>\n<p><strong>Haftung f\u00fcr Links<\/strong><\/p>\n<p>Unser Angebot enth\u00e4lt Links zu externen Webseiten Dritter, auf deren<br>Inhalte wir keinen Einfluss haben. Deshalb k\u00f6nnen wir f\u00fcr diese fremden<br>Inhalte auch keine Gew\u00e4hr \u00fcbernehmen. F\u00fcr die Inhalte der verlinkten<br>Seiten ist stets der jeweilige Anbieter oder Betreiber der Seiten<br>verantwortlich. Die verlinkten Seiten wurden zum Zeitpunkt der<br>Verlinkung auf m\u00f6gliche Rechtsverst\u00f6\u00dfe \u00fcberpr\u00fcft. Rechtswidrige Inhalte<br>waren zum Zeitpunkt der Verlinkung nicht erkennbar. Eine permanente<br>inhaltliche Kontrolle der verlinkten Seiten ist jedoch ohne konkrete<br>Anhaltspunkte einer Rechtsverletzung nicht zumutbar. Bei Bekanntwerden<br>von Rechtsverletzungen werden wir derartige Links umgehend entfernen.<\/p>\n<p><strong>Urheberrecht<\/strong><\/p>\n<p>Die durch die Seitenbetreiber erstellten Inhalte und Werke auf diesen<br>Seiten unterliegen dem deutschen Urheberrecht. Die Vervielf\u00e4ltigung,<br>Bearbeitung, Verbreitung und jede Art der Verwertung au\u00dferhalb der<br>Grenzen des Urheberrechtes bed\u00fcrfen der schriftlichen Zustimmung des<br>jeweiligen Autors bzw. Erstellers. Downloads und Kopien dieser Seite<br>sind nur f\u00fcr den privaten, nicht kommerziellen Gebrauch gestattet.<br>Soweit die Inhalte auf dieser Seite nicht vom Betreiber erstellt wurden,<br>werden die Urheberrechte Dritter beachtet. Insbesondere werden Inhalte<br>Dritter als solche gekennzeichnet. Sollten Sie trotzdem auf eine<br>Urheberrechtsverletzung aufmerksam werden, bitten wir um einen<br>entsprechenden Hinweis. Bei Bekanntwerden von Rechtsverletzungen werden<br>wir derartige Inhalte umgehend entfernen.<\/p>\n<p><strong>Datenschutz<\/strong><\/p>\n<p>Die Nutzung unserer Webseite ist in der Regel ohne Angabe<br>personenbezogener Daten m\u00f6glich. Soweit auf unseren Seiten<br>personenbezogene Daten (beispielsweise Name, Anschrift oder<br>eMail-Adressen) erhoben werden, erfolgt dies, soweit m\u00f6glich, stets auf<br>freiwilliger Basis. Diese Daten werden ohne Ihre ausdr\u00fcckliche<br>Zustimmung nicht an Dritte weitergegeben.<br>Wir weisen darauf hin, dass die Daten\u00fcbertragung im Internet (z.B. bei<br>der Kommunikation per E-Mail) Sicherheitsl\u00fccken aufweisen kann. Ein<br>l\u00fcckenloser Schutz der Daten vor dem Zugriff durch Dritte ist nicht<br>m\u00f6glich.<br>Der Nutzung von im Rahmen der Impressumspflicht ver\u00f6ffentlichten<br>Kontaktdaten durch Dritte zur \u00dcbersendung von nicht ausdr\u00fccklich<br>angeforderter Werbung und Informationsmaterialien wird hiermit<br>ausdr\u00fccklich widersprochen. Die Betreiber der Seiten behalten sich<br>ausdr\u00fccklich rechtliche Schritte im Falle der unverlangten Zusendung von<br>Werbeinformationen, etwa durch Spam-Mails, vor.<\/p>\n<p><strong>Google Analytics<\/strong><\/p>\n<p>Diese Website benutzt Google Analytics, einen Webanalysedienst der<br>Google Inc. (&#8220;Google&#8220;). Google Analytics verwendet sog. &#8220;Cookies&#8220;,<br>Textdateien, die auf Ihrem Computer gespeichert werden und die eine<br>Analyse der Benutzung der Website durch Sie erm\u00f6glicht. Die durch den<br>Cookie erzeugten Informationen \u00fcber Ihre Benutzung diese Website<br>(einschlie\u00dflich Ihrer IP-Adresse) wird an einen Server von Google in den<br>USA \u00fcbertragen und dort gespeichert. Google wird diese Informationen<br>benutzen, um Ihre Nutzung der Website auszuwerten, um Reports \u00fcber die<br>Websiteaktivit\u00e4ten f\u00fcr die Websitebetreiber zusammenzustellen und um<br>weitere mit der Websitenutzung und der Internetnutzung verbundene<br>Dienstleistungen zu erbringen. Auch wird Google diese Informationen<br>gegebenenfalls an Dritte \u00fcbertragen, sofern dies gesetzlich<br>vorgeschrieben oder soweit Dritte diese Daten im Auftrag von Google<br>verarbeiten. Google wird in keinem Fall Ihre IP-Adresse mit anderen<br>Daten der Google in Verbindung bringen. Sie k\u00f6nnen die Installation der<br>Cookies durch eine entsprechende Einstellung Ihrer Browser Software<br>verhindern; wir weisen Sie jedoch darauf hin, dass Sie in diesem Fall<br>gegebenenfalls nicht s\u00e4mtliche Funktionen dieser Website voll umf\u00e4nglich<br>nutzen k\u00f6nnen. Durch die Nutzung dieser Website erkl\u00e4ren Sie sich mit<br>der Bearbeitung der \u00fcber Sie erhobenen Daten durch Google in der zuvor<br>beschriebenen Art und Weise und zu dem zuvor benannten Zweck<br>einverstanden.<\/p>\n<p><strong>Google AdSense<\/strong><\/p>\n<p>Diese Website benutzt Google Adsense, einen Webanzeigendienst der Google<br>Inc., USA (&#8220;Google&#8220;). Google Adsense verwendet sog. &#8220;Cookies&#8220;<br>(Textdateien), die auf Ihrem Computer gespeichert werden und die eine<br>Analyse der Benutzung der Website durch Sie erm\u00f6glicht. Google Adsense<br>verwendet auch sog. &#8220;Web Beacons&#8220; (kleine unsichtbare Grafiken) zur<br>Sammlung von Informationen. Durch die Verwendung des Web Beacons k\u00f6nnen<br>einfache Aktionen wie der Besucherverkehr auf der Webseite aufgezeichnet<br>und gesammelt werden. Die durch den Cookie und\/oder Web Beacon<br>erzeugten Informationen \u00fcber Ihre Benutzung diese Website<br>(einschlie\u00dflich Ihrer IP-Adresse) werden an einen Server von Google in<br>den USA \u00fcbertragen und dort gespeichert. Google wird diese Informationen<br>benutzen, um Ihre Nutzung der Website im Hinblick auf die Anzeigen<br>auszuwerten, um Reports \u00fcber die Websiteaktivit\u00e4ten und Anzeigen f\u00fcr die<br>Websitebetreiber zusammenzustellen und um weitere mit der<br>Websitenutzung und der Internetnutzung verbundene Dienstleistungen zu<br>erbringen. Auch wird Google diese Informationen gegebenenfalls an Dritte<br>\u00fcbertragen, sofern dies gesetzlich vorgeschrieben oder soweit Dritte<br>diese Daten im Auftrag von Google verarbeiten. Google wird in keinem<br>Fall Ihre IP-Adresse mit anderen Daten der Google in Verbindung bringen.<br>Das Speichern von Cookies auf Ihrer Festplatte und die Anzeige von Web<br>Beacons k\u00f6nnen Sie verhindern, indem Sie in Ihren Browser-Einstellungen<br>&#8220;keine Cookies akzeptieren&#8220; w\u00e4hlen (Im MS Internet-Explorer unter<br>&#8220;Extras &gt; Internetoptionen &gt; Datenschutz &gt; Einstellung&#8220;; im<br>Firefox unter &#8220;Extras &gt; Einstellungen &gt; Datenschutz &gt;<br>Cookies&#8220;); wir weisen Sie jedoch darauf hin, dass Sie in diesem Fall<br>gegebenenfalls nicht s\u00e4mtliche Funktionen dieser Website voll umf\u00e4nglich<br>nutzen k\u00f6nnen. Durch die Nutzung dieser Website erkl\u00e4ren Sie sich mit<br>der Bearbeitung der \u00fcber Sie erhobenen Daten durch Google in der zuvor<br>beschriebenen Art und Weise und zu dem zuvor benannten Zweck<br>einverstanden.<\/p>\n<p><a href=\"http:\/\/www.impressum-generator.de\" target=\"_blank\" rel=\"noopener\">Impressum<\/a> erstellt durch impressum-generator.de von <a href=\"http:\/\/www.kanzlei-hasselbach.de\" target=\"_blank\" rel=\"noopener\">Rechtsanwalt<\/a> Franziska Hasselbach<\/p>\n<\/div>\n","protected":false},"excerpt":{"rendered":"<p>Angaben gem\u00e4\u00df \u00a7 5 TMG Ralph EirichAm Trog 2697076 W\u00fcrzburg Vertreten durch:Ralph Eirich Kontakt:Telefon: 0931-xxxxxE-Mail: info(at)ralpheirich.de Umsatzsteuer-ID: DE229457941Umsatzsteuer-Identifikationsnummer gem\u00e4\u00df \u00a727a Umsatzsteuergesetz: Wirtschafts-ID: Haftungsausschluss: Haftung f\u00fcr Inhalte Die Inhalte unserer Seiten wurden mit gr\u00f6\u00dfter Sorgfalt erstellt. F\u00fcr dieRichtigkeit, Vollst\u00e4ndigkeit und Aktualit\u00e4t der Inhalte k\u00f6nnen wirjedoch keine Gew\u00e4hr \u00fcbernehmen. Als Diensteanbieter sind wir gem\u00e4\u00df \u00a7 7Abs.1 TMG [&hellip;]<\/p>\n","protected":false},"author":1,"featured_media":0,"parent":0,"menu_order":8,"comment_status":"closed","ping_status":"open","template":"","meta":{"footnotes":""},"class_list":["post-152","page","type-page","status-publish","hentry"],"blocksy_meta":{"styles_descriptor":{"styles":{"desktop":"","tablet":"","mobile":""},"google_fonts":[],"version":6}},"_links":{"self":[{"href":"https:\/\/ralpheirich.de\/index.php?rest_route=\/wp\/v2\/pages\/152","targetHints":{"allow":["GET"]}}],"collection":[{"href":"https:\/\/ralpheirich.de\/index.php?rest_route=\/wp\/v2\/pages"}],"about":[{"href":"https:\/\/ralpheirich.de\/index.php?rest_route=\/wp\/v2\/types\/page"}],"author":[{"embeddable":true,"href":"https:\/\/ralpheirich.de\/index.php?rest_route=\/wp\/v2\/users\/1"}],"replies":[{"embeddable":true,"href":"https:\/\/ralpheirich.de\/index.php?rest_route=%2Fwp%2Fv2%2Fcomments&post=152"}],"version-history":[{"count":2,"href":"https:\/\/ralpheirich.de\/index.php?rest_route=\/wp\/v2\/pages\/152\/revisions"}],"predecessor-version":[{"id":357,"href":"https:\/\/ralpheirich.de\/index.php?rest_route=\/wp\/v2\/pages\/152\/revisions\/357"}],"wp:attachment":[{"href":"https:\/\/ralpheirich.de\/index.php?rest_route=%2Fwp%2Fv2%2Fmedia&parent=152"}],"curies":[{"name":"wp","href":"https:\/\/api.w.org\/{rel}","templated":true}]}}